{"id":2640,"date":"2018-06-01T23:58:54","date_gmt":"2018-06-01T21:58:54","guid":{"rendered":"http:\/\/psycholog.opticomweb.tk\/?page_id=2640"},"modified":"2018-09-18T10:47:36","modified_gmt":"2018-09-18T08:47:36","slug":"mistrzowie","status":"publish","type":"page","link":"https:\/\/psychologmilewicz.pl\/index.php\/mistrzowie\/","title":{"rendered":"Mistrzowie"},"content":{"rendered":"","protected":false},"excerpt":{"rendered":"","protected":false},"author":1,"featured_media":0,"parent":0,"menu_order":0,"comment_status":"closed","ping_status":"closed","template":"","meta":{"ngg_post_thumbnail":0,"footnotes":""},"class_list":["post-2640","page","type-page","status-publish","hentry"],"yoast_head":"<!-- This site is optimized with the Yoast SEO plugin v23.5 - https:\/\/yoast.com\/wordpress\/plugins\/seo\/ -->\n<title>Beata Milewicz | Psycholog - Mistrzowie<\/title>\n<meta name=\"description\" content=\"Psycholog mistrzowie - opis os\u00f3b ze \u015bwiata psychologii bez kt\u00f3rych \u015bwiat psychologii nie m\u00f3g\u0142 by istnie\u0107, ich opis oraz cytaty\" \/>\n<meta name=\"robots\" content=\"index, follow, max-snippet:-1, max-image-preview:large, max-video-preview:-1\" \/>\n<link rel=\"canonical\" href=\"https:\/\/psychologmilewicz.pl\/index.php\/mistrzowie\/\" \/>\n<meta property=\"og:locale\" content=\"pl_PL\" \/>\n<meta property=\"og:type\" content=\"article\" \/>\n<meta property=\"og:title\" content=\"Beata Milewicz | Psycholog - Mistrzowie\" \/>\n<meta property=\"og:description\" content=\"Psycholog mistrzowie - opis os\u00f3b ze \u015bwiata psychologii bez kt\u00f3rych \u015bwiat psychologii nie m\u00f3g\u0142 by istnie\u0107, ich opis oraz cytaty\" \/>\n<meta property=\"og:url\" content=\"https:\/\/psychologmilewicz.pl\/index.php\/mistrzowie\/\" \/>\n<meta property=\"og:site_name\" content=\"Beata Milewicz | Psycholog\" \/>\n<meta property=\"article:publisher\" content=\"https:\/\/www.facebook.com\/psychologmilewicz\/\" \/>\n<meta property=\"article:modified_time\" content=\"2018-09-18T08:47:36+00:00\" \/>\n<meta name=\"twitter:card\" content=\"summary_large_image\" \/>\n<script type=\"application\/ld+json\" class=\"yoast-schema-graph\">{\"@context\":\"https:\/\/schema.org\",\"@graph\":[{\"@type\":\"WebPage\",\"@id\":\"https:\/\/psychologmilewicz.pl\/index.php\/mistrzowie\/\",\"url\":\"https:\/\/psychologmilewicz.pl\/index.php\/mistrzowie\/\",\"name\":\"Beata Milewicz | Psycholog - Mistrzowie\",\"isPartOf\":{\"@id\":\"https:\/\/psychologmilewicz.pl\/#website\"},\"datePublished\":\"2018-06-01T21:58:54+00:00\",\"dateModified\":\"2018-09-18T08:47:36+00:00\",\"description\":\"Psycholog mistrzowie - opis os\u00f3b ze \u015bwiata psychologii bez kt\u00f3rych \u015bwiat psychologii nie m\u00f3g\u0142 by istnie\u0107, ich opis oraz cytaty\",\"breadcrumb\":{\"@id\":\"https:\/\/psychologmilewicz.pl\/index.php\/mistrzowie\/#breadcrumb\"},\"inLanguage\":\"pl-PL\",\"potentialAction\":[{\"@type\":\"ReadAction\",\"target\":[\"https:\/\/psychologmilewicz.pl\/index.php\/mistrzowie\/\"]}]},{\"@type\":\"BreadcrumbList\",\"@id\":\"https:\/\/psychologmilewicz.pl\/index.php\/mistrzowie\/#breadcrumb\",\"itemListElement\":[{\"@type\":\"ListItem\",\"position\":1,\"name\":\"Strona g\u0142\u00f3wna\",\"item\":\"https:\/\/psychologmilewicz.pl\/\"},{\"@type\":\"ListItem\",\"position\":2,\"name\":\"Mistrzowie\"}]},{\"@type\":\"WebSite\",\"@id\":\"https:\/\/psychologmilewicz.pl\/#website\",\"url\":\"https:\/\/psychologmilewicz.pl\/\",\"name\":\"Beata Milewicz | Psycholog\",\"description\":\"Psycholog Skierniewice\",\"publisher\":{\"@id\":\"https:\/\/psychologmilewicz.pl\/#organization\"},\"potentialAction\":[{\"@type\":\"SearchAction\",\"target\":{\"@type\":\"EntryPoint\",\"urlTemplate\":\"https:\/\/psychologmilewicz.pl\/?s={search_term_string}\"},\"query-input\":{\"@type\":\"PropertyValueSpecification\",\"valueRequired\":true,\"valueName\":\"search_term_string\"}}],\"inLanguage\":\"pl-PL\"},{\"@type\":\"Organization\",\"@id\":\"https:\/\/psychologmilewicz.pl\/#organization\",\"name\":\"Psycholog Beata Milewicz\",\"url\":\"https:\/\/psychologmilewicz.pl\/\",\"logo\":{\"@type\":\"ImageObject\",\"inLanguage\":\"pl-PL\",\"@id\":\"https:\/\/psychologmilewicz.pl\/#\/schema\/logo\/image\/\",\"url\":\"https:\/\/psychologmilewicz.pl\/wp-content\/uploads\/2018\/06\/logo-propozycja2.png\",\"contentUrl\":\"https:\/\/psychologmilewicz.pl\/wp-content\/uploads\/2018\/06\/logo-propozycja2.png\",\"width\":2006,\"height\":923,\"caption\":\"Psycholog Beata Milewicz\"},\"image\":{\"@id\":\"https:\/\/psychologmilewicz.pl\/#\/schema\/logo\/image\/\"},\"sameAs\":[\"https:\/\/www.facebook.com\/psychologmilewicz\/\"]}]}<\/script>\n<!-- \/ Yoast SEO plugin. -->","yoast_head_json":{"title":"Beata Milewicz | Psycholog - Mistrzowie","description":"Psycholog mistrzowie - opis os\u00f3b ze \u015bwiata psychologii bez kt\u00f3rych \u015bwiat psychologii nie m\u00f3g\u0142 by istnie\u0107, ich opis oraz cytaty","robots":{"index":"index","follow":"follow","max-snippet":"max-snippet:-1","max-image-preview":"max-image-preview:large","max-video-preview":"max-video-preview:-1"},"canonical":"https:\/\/psychologmilewicz.pl\/index.php\/mistrzowie\/","og_locale":"pl_PL","og_type":"article","og_title":"Beata Milewicz | Psycholog - Mistrzowie","og_description":"Psycholog mistrzowie - opis os\u00f3b ze \u015bwiata psychologii bez kt\u00f3rych \u015bwiat psychologii nie m\u00f3g\u0142 by istnie\u0107, ich opis oraz cytaty","og_url":"https:\/\/psychologmilewicz.pl\/index.php\/mistrzowie\/","og_site_name":"Beata Milewicz | Psycholog","article_publisher":"https:\/\/www.facebook.com\/psychologmilewicz\/","article_modified_time":"2018-09-18T08:47:36+00:00","twitter_card":"summary_large_image","schema":{"@context":"https:\/\/schema.org","@graph":[{"@type":"WebPage","@id":"https:\/\/psychologmilewicz.pl\/index.php\/mistrzowie\/","url":"https:\/\/psychologmilewicz.pl\/index.php\/mistrzowie\/","name":"Beata Milewicz | Psycholog - Mistrzowie","isPartOf":{"@id":"https:\/\/psychologmilewicz.pl\/#website"},"datePublished":"2018-06-01T21:58:54+00:00","dateModified":"2018-09-18T08:47:36+00:00","description":"Psycholog mistrzowie - opis os\u00f3b ze \u015bwiata psychologii bez kt\u00f3rych \u015bwiat psychologii nie m\u00f3g\u0142 by istnie\u0107, ich opis oraz cytaty","breadcrumb":{"@id":"https:\/\/psychologmilewicz.pl\/index.php\/mistrzowie\/#breadcrumb"},"inLanguage":"pl-PL","potentialAction":[{"@type":"ReadAction","target":["https:\/\/psychologmilewicz.pl\/index.php\/mistrzowie\/"]}]},{"@type":"BreadcrumbList","@id":"https:\/\/psychologmilewicz.pl\/index.php\/mistrzowie\/#breadcrumb","itemListElement":[{"@type":"ListItem","position":1,"name":"Strona g\u0142\u00f3wna","item":"https:\/\/psychologmilewicz.pl\/"},{"@type":"ListItem","position":2,"name":"Mistrzowie"}]},{"@type":"WebSite","@id":"https:\/\/psychologmilewicz.pl\/#website","url":"https:\/\/psychologmilewicz.pl\/","name":"Beata Milewicz | Psycholog","description":"Psycholog Skierniewice","publisher":{"@id":"https:\/\/psychologmilewicz.pl\/#organization"},"potentialAction":[{"@type":"SearchAction","target":{"@type":"EntryPoint","urlTemplate":"https:\/\/psychologmilewicz.pl\/?s={search_term_string}"},"query-input":{"@type":"PropertyValueSpecification","valueRequired":true,"valueName":"search_term_string"}}],"inLanguage":"pl-PL"},{"@type":"Organization","@id":"https:\/\/psychologmilewicz.pl\/#organization","name":"Psycholog Beata Milewicz","url":"https:\/\/psychologmilewicz.pl\/","logo":{"@type":"ImageObject","inLanguage":"pl-PL","@id":"https:\/\/psychologmilewicz.pl\/#\/schema\/logo\/image\/","url":"https:\/\/psychologmilewicz.pl\/wp-content\/uploads\/2018\/06\/logo-propozycja2.png","contentUrl":"https:\/\/psychologmilewicz.pl\/wp-content\/uploads\/2018\/06\/logo-propozycja2.png","width":2006,"height":923,"caption":"Psycholog Beata Milewicz"},"image":{"@id":"https:\/\/psychologmilewicz.pl\/#\/schema\/logo\/image\/"},"sameAs":["https:\/\/www.facebook.com\/psychologmilewicz\/"]}]}},"_links":{"self":[{"href":"https:\/\/psychologmilewicz.pl\/index.php\/wp-json\/wp\/v2\/pages\/2640"}],"collection":[{"href":"https:\/\/psychologmilewicz.pl\/index.php\/wp-json\/wp\/v2\/pages"}],"about":[{"href":"https:\/\/psychologmilewicz.pl\/index.php\/wp-json\/wp\/v2\/types\/page"}],"author":[{"embeddable":true,"href":"https:\/\/psychologmilewicz.pl\/index.php\/wp-json\/wp\/v2\/users\/1"}],"replies":[{"embeddable":true,"href":"https:\/\/psychologmilewicz.pl\/index.php\/wp-json\/wp\/v2\/comments?post=2640"}],"version-history":[{"count":1,"href":"https:\/\/psychologmilewicz.pl\/index.php\/wp-json\/wp\/v2\/pages\/2640\/revisions"}],"predecessor-version":[{"id":2642,"href":"https:\/\/psychologmilewicz.pl\/index.php\/wp-json\/wp\/v2\/pages\/2640\/revisions\/2642"}],"wp:attachment":[{"href":"https:\/\/psychologmilewicz.pl\/index.php\/wp-json\/wp\/v2\/media?parent=2640"}],"curies":[{"name":"wp","href":"https:\/\/api.w.org\/{rel}","templated":true}]}}